{"id":186,"date":"2024-01-16T18:10:01","date_gmt":"2024-01-16T18:10:01","guid":{"rendered":"https:\/\/freshly-painted.de\/?page_id=186"},"modified":"2024-01-22T13:23:14","modified_gmt":"2024-01-22T13:23:14","slug":"about-me","status":"publish","type":"page","link":"https:\/\/freshly-painted.de\/index.php\/home\/about-me\/","title":{"rendered":"About me"},"content":{"rendered":"\t\t<div data-elementor-type=\"wp-page\" data-elementor-id=\"186\" class=\"elementor elementor-186\" data-elementor-post-type=\"page\">\n\t\t\t\t\t\t<section class=\"elementor-section elementor-top-section elementor-element elementor-element-fd54017 elementor-section-boxed elementor-section-height-default elementor-section-height-default\" data-id=\"fd54017\" data-element_type=\"section\" data-e-type=\"section\">\n\t\t\t\t\t\t<div class=\"elementor-container elementor-column-gap-default\">\n\t\t\t\t\t<div class=\"elementor-column elementor-col-100 elementor-top-column elementor-element elementor-element-0beef41\" data-id=\"0beef41\" data-element_type=\"column\" data-e-type=\"column\">\n\t\t\t<div class=\"elementor-widget-wrap elementor-element-populated\">\n\t\t\t\t\t\t<div class=\"elementor-element elementor-element-e763137 elementor-widget elementor-widget-image\" data-id=\"e763137\" data-element_type=\"widget\" data-e-type=\"widget\" data-widget_type=\"image.default\">\n\t\t\t\t<div class=\"elementor-widget-container\">\n\t\t\t\t\t\t\t\t\t\t\t\t\t\t\t<img fetchpriority=\"high\" decoding=\"async\" width=\"2880\" height=\"648\" src=\"https:\/\/freshly-painted.de\/wp-content\/uploads\/2023\/09\/logo_shirt_neu.png\" class=\"attachment-full size-full wp-image-151\" alt=\"\" srcset=\"https:\/\/freshly-painted.de\/wp-content\/uploads\/2023\/09\/logo_shirt_neu.png 2880w, https:\/\/freshly-painted.de\/wp-content\/uploads\/2023\/09\/logo_shirt_neu-300x68.png 300w, https:\/\/freshly-painted.de\/wp-content\/uploads\/2023\/09\/logo_shirt_neu-1024x230.png 1024w, https:\/\/freshly-painted.de\/wp-content\/uploads\/2023\/09\/logo_shirt_neu-768x173.png 768w, https:\/\/freshly-painted.de\/wp-content\/uploads\/2023\/09\/logo_shirt_neu-1536x346.png 1536w, https:\/\/freshly-painted.de\/wp-content\/uploads\/2023\/09\/logo_shirt_neu-2048x461.png 2048w, https:\/\/freshly-painted.de\/wp-content\/uploads\/2023\/09\/logo_shirt_neu-2000x450.png 2000w, https:\/\/freshly-painted.de\/wp-content\/uploads\/2023\/09\/logo_shirt_neu-600x135.png 600w, https:\/\/freshly-painted.de\/wp-content\/uploads\/2023\/09\/logo_shirt_neu-1200x270.png 1200w\" sizes=\"(max-width: 2880px) 100vw, 2880px\" \/>\t\t\t\t\t\t\t\t\t\t\t\t\t\t\t<\/div>\n\t\t\t\t<\/div>\n\t\t\t\t\t<\/div>\n\t\t<\/div>\n\t\t\t\t\t<\/div>\n\t\t<\/section>\n\t\t\t\t<section class=\"elementor-section elementor-top-section elementor-element elementor-element-42db11d elementor-section-boxed elementor-section-height-default elementor-section-height-default\" data-id=\"42db11d\" data-element_type=\"section\" data-e-type=\"section\">\n\t\t\t\t\t\t<div class=\"elementor-container elementor-column-gap-default\">\n\t\t\t\t\t<div class=\"elementor-column elementor-col-100 elementor-top-column elementor-element elementor-element-e08bc13\" data-id=\"e08bc13\" data-element_type=\"column\" data-e-type=\"column\">\n\t\t\t<div class=\"elementor-widget-wrap elementor-element-populated\">\n\t\t\t\t\t\t<div class=\"elementor-element elementor-element-5036a56 elementor-widget elementor-widget-spacer\" data-id=\"5036a56\" data-element_type=\"widget\" data-e-type=\"widget\" data-widget_type=\"spacer.default\">\n\t\t\t\t<div class=\"elementor-widget-container\">\n\t\t\t\t\t\t\t<div class=\"elementor-spacer\">\n\t\t\t<div class=\"elementor-spacer-inner\"><\/div>\n\t\t<\/div>\n\t\t\t\t\t\t<\/div>\n\t\t\t\t<\/div>\n\t\t\t\t<div class=\"elementor-element elementor-element-35c2be1 elementor-widget elementor-widget-heading\" data-id=\"35c2be1\" data-element_type=\"widget\" data-e-type=\"widget\" data-widget_type=\"heading.default\">\n\t\t\t\t<div class=\"elementor-widget-container\">\n\t\t\t\t\t<h2 class=\"elementor-heading-title elementor-size-default\">\u00dcber Uns<\/h2>\t\t\t\t<\/div>\n\t\t\t\t<\/div>\n\t\t\t\t<div class=\"elementor-element elementor-element-f8ffda4 elementor-widget elementor-widget-spacer\" data-id=\"f8ffda4\" data-element_type=\"widget\" data-e-type=\"widget\" data-widget_type=\"spacer.default\">\n\t\t\t\t<div class=\"elementor-widget-container\">\n\t\t\t\t\t\t\t<div class=\"elementor-spacer\">\n\t\t\t<div class=\"elementor-spacer-inner\"><\/div>\n\t\t<\/div>\n\t\t\t\t\t\t<\/div>\n\t\t\t\t<\/div>\n\t\t\t\t<div class=\"elementor-element elementor-element-40af8b6 elementor-widget elementor-widget-text-editor\" data-id=\"40af8b6\" data-element_type=\"widget\" data-e-type=\"widget\" data-widget_type=\"text-editor.default\">\n\t\t\t\t<div class=\"elementor-widget-container\">\n\t\t\t\t\t\t\t\t\t<p>Der Malerfachbetrieb Freshly Painted wurde im Jahr 2022 von uns 3 Gesch\u00e4ftsf\u00fchrern gegr\u00fcndet. Insgesamt k\u00f6nnen wir, drei gleichberechtigte Inhaber, auf 54 Jahre Erfahrung zur\u00fcck greifen.<\/p><p><br \/>H\u00f6chste Qualit\u00e4t, Geschwindigkeit und Kundenorientiertes Arbeiten zu vereinen, ist unser Ziel und der Anspruch an uns selbst.<\/p><p>Jeder der sich damit identifizieren kann, darf sich auch gern bei uns bewerben, denn wir sind zudem ein Ausbildungsbetrieb. Die Liebe und Leidenschaft unseres Berufes an die Jugend weiter zu geben ist uns sehr wichtig, denn nur mit qualifizierten Fachkr\u00e4ften, ist das \u00dcberleben des Handwerks gesichert.<\/p><p><br \/>Egal wie ausgefallen die Kundenw\u00fcnsche auch sind, wir machen es uns zur Aufgabe, die W\u00fcnsche zu erf\u00fcllen und die Erwartungen zu \u00fcbertreffen. L\u00f6sungsorientiertes Arbeiten, Flexibilit\u00e4t und ein freundliches und ordentliches Auftreten sind f\u00fcr uns selbstverst\u00e4ndlich.<\/p><p><br \/>Wir freuen uns auf Ihre Anfrage und schon bald von Ihnen zu h\u00f6ren. Rufen Sie uns einfach an.<\/p><p>\u00a0<\/p><p>Ihr Malerfachbetrieb Freshly Painted<\/p>\t\t\t\t\t\t\t\t<\/div>\n\t\t\t\t<\/div>\n\t\t\t\t\t<\/div>\n\t\t<\/div>\n\t\t\t\t\t<\/div>\n\t\t<\/section>\n\t\t\t\t<section class=\"elementor-section elementor-top-section elementor-element elementor-element-31d0e22 elementor-section-boxed elementor-section-height-default elementor-section-height-default\" data-id=\"31d0e22\" data-element_type=\"section\" data-e-type=\"section\">\n\t\t\t\t\t\t<div class=\"elementor-container elementor-column-gap-default\">\n\t\t\t\t\t<div class=\"elementor-column elementor-col-33 elementor-top-column elementor-element elementor-element-06323f8\" data-id=\"06323f8\" data-element_type=\"column\" data-e-type=\"column\">\n\t\t\t<div class=\"elementor-widget-wrap elementor-element-populated\">\n\t\t\t\t\t\t<div class=\"elementor-element elementor-element-2a37eae elementor-widget elementor-widget-image\" data-id=\"2a37eae\" data-element_type=\"widget\" data-e-type=\"widget\" data-widget_type=\"image.default\">\n\t\t\t\t<div class=\"elementor-widget-container\">\n\t\t\t\t\t\t\t\t\t\t\t\t\t\t\t<img decoding=\"async\" width=\"525\" height=\"639\" src=\"https:\/\/freshly-painted.de\/wp-content\/uploads\/2024\/01\/DSC_8729-Bearbeitet-scaled-e1705825103378-841x1024.jpg\" class=\"attachment-large size-large wp-image-185\" alt=\"\" srcset=\"https:\/\/freshly-painted.de\/wp-content\/uploads\/2024\/01\/DSC_8729-Bearbeitet-scaled-e1705825103378-841x1024.jpg 841w, https:\/\/freshly-painted.de\/wp-content\/uploads\/2024\/01\/DSC_8729-Bearbeitet-scaled-e1705825103378-246x300.jpg 246w, https:\/\/freshly-painted.de\/wp-content\/uploads\/2024\/01\/DSC_8729-Bearbeitet-scaled-e1705825103378-768x935.jpg 768w, https:\/\/freshly-painted.de\/wp-content\/uploads\/2024\/01\/DSC_8729-Bearbeitet-scaled-e1705825103378-1261x1536.jpg 1261w, https:\/\/freshly-painted.de\/wp-content\/uploads\/2024\/01\/DSC_8729-Bearbeitet-scaled-e1705825103378.jpg 1314w\" sizes=\"(max-width: 525px) 100vw, 525px\" \/>\t\t\t\t\t\t\t\t\t\t\t\t\t\t\t<\/div>\n\t\t\t\t<\/div>\n\t\t\t\t\t<\/div>\n\t\t<\/div>\n\t\t\t\t<div class=\"elementor-column elementor-col-33 elementor-top-column elementor-element elementor-element-d942b7d\" data-id=\"d942b7d\" data-element_type=\"column\" data-e-type=\"column\">\n\t\t\t<div class=\"elementor-widget-wrap elementor-element-populated\">\n\t\t\t\t\t\t<div class=\"elementor-element elementor-element-66324ad elementor-widget elementor-widget-image\" data-id=\"66324ad\" data-element_type=\"widget\" data-e-type=\"widget\" data-widget_type=\"image.default\">\n\t\t\t\t<div class=\"elementor-widget-container\">\n\t\t\t\t\t\t\t\t\t\t\t\t\t\t\t<img decoding=\"async\" width=\"525\" height=\"744\" src=\"https:\/\/freshly-painted.de\/wp-content\/uploads\/2024\/01\/DSC_8716-Bearbeitet-scaled-e1705929768606-723x1024.jpg\" class=\"attachment-large size-large wp-image-183\" alt=\"\" srcset=\"https:\/\/freshly-painted.de\/wp-content\/uploads\/2024\/01\/DSC_8716-Bearbeitet-scaled-e1705929768606-723x1024.jpg 723w, https:\/\/freshly-painted.de\/wp-content\/uploads\/2024\/01\/DSC_8716-Bearbeitet-scaled-e1705929768606-212x300.jpg 212w, https:\/\/freshly-painted.de\/wp-content\/uploads\/2024\/01\/DSC_8716-Bearbeitet-scaled-e1705929768606-768x1088.jpg 768w, https:\/\/freshly-painted.de\/wp-content\/uploads\/2024\/01\/DSC_8716-Bearbeitet-scaled-e1705929768606.jpg 1010w\" sizes=\"(max-width: 525px) 100vw, 525px\" \/>\t\t\t\t\t\t\t\t\t\t\t\t\t\t\t<\/div>\n\t\t\t\t<\/div>\n\t\t\t\t\t<\/div>\n\t\t<\/div>\n\t\t\t\t<div class=\"elementor-column elementor-col-33 elementor-top-column elementor-element elementor-element-fc8347f\" data-id=\"fc8347f\" data-element_type=\"column\" data-e-type=\"column\">\n\t\t\t<div class=\"elementor-widget-wrap elementor-element-populated\">\n\t\t\t\t\t\t<div class=\"elementor-element elementor-element-37287ca elementor-widget elementor-widget-image\" data-id=\"37287ca\" data-element_type=\"widget\" data-e-type=\"widget\" data-widget_type=\"image.default\">\n\t\t\t\t<div class=\"elementor-widget-container\">\n\t\t\t\t\t\t\t\t\t\t\t\t\t\t\t<img loading=\"lazy\" decoding=\"async\" width=\"525\" height=\"627\" src=\"https:\/\/freshly-painted.de\/wp-content\/uploads\/2024\/01\/DSC_8722-Bearbeitet-scaled-e1705825127369-857x1024.jpg\" class=\"attachment-large size-large wp-image-184\" alt=\"\" srcset=\"https:\/\/freshly-painted.de\/wp-content\/uploads\/2024\/01\/DSC_8722-Bearbeitet-scaled-e1705825127369-857x1024.jpg 857w, https:\/\/freshly-painted.de\/wp-content\/uploads\/2024\/01\/DSC_8722-Bearbeitet-scaled-e1705825127369-251x300.jpg 251w, https:\/\/freshly-painted.de\/wp-content\/uploads\/2024\/01\/DSC_8722-Bearbeitet-scaled-e1705825127369-768x918.jpg 768w, https:\/\/freshly-painted.de\/wp-content\/uploads\/2024\/01\/DSC_8722-Bearbeitet-scaled-e1705825127369.jpg 1202w\" sizes=\"(max-width: 525px) 100vw, 525px\" \/>\t\t\t\t\t\t\t\t\t\t\t\t\t\t\t<\/div>\n\t\t\t\t<\/div>\n\t\t\t\t\t<\/div>\n\t\t<\/div>\n\t\t\t\t\t<\/div>\n\t\t<\/section>\n\t\t\t\t<\/div>\n\t\t","protected":false},"excerpt":{"rendered":"<p>\u00dcber Uns Der Malerfachbetrieb Freshly Painted wurde im Jahr 2022 von uns 3 Gesch\u00e4ftsf\u00fchrern gegr\u00fcndet. Insgesamt k\u00f6nnen wir, drei gleichberechtigte Inhaber, auf 54 Jahre Erfahrung zur\u00fcck greifen. H\u00f6chste Qualit\u00e4t, Geschwindigkeit und Kundenorientiertes Arbeiten zu vereinen, ist unser Ziel und der Anspruch an uns selbst. Jeder der sich damit identifizieren kann, darf sich auch gern bei [&hellip;]<\/p>\n","protected":false},"author":1,"featured_media":0,"parent":330,"menu_order":0,"comment_status":"closed","ping_status":"closed","template":"elementor_header_footer","meta":{"footnotes":""},"class_list":["post-186","page","type-page","status-publish","hentry"],"_links":{"self":[{"href":"https:\/\/freshly-painted.de\/index.php\/wp-json\/wp\/v2\/pages\/186","targetHints":{"allow":["GET"]}}],"collection":[{"href":"https:\/\/freshly-painted.de\/index.php\/wp-json\/wp\/v2\/pages"}],"about":[{"href":"https:\/\/freshly-painted.de\/index.php\/wp-json\/wp\/v2\/types\/page"}],"author":[{"embeddable":true,"href":"https:\/\/freshly-painted.de\/index.php\/wp-json\/wp\/v2\/users\/1"}],"replies":[{"embeddable":true,"href":"https:\/\/freshly-painted.de\/index.php\/wp-json\/wp\/v2\/comments?post=186"}],"version-history":[{"count":56,"href":"https:\/\/freshly-painted.de\/index.php\/wp-json\/wp\/v2\/pages\/186\/revisions"}],"predecessor-version":[{"id":542,"href":"https:\/\/freshly-painted.de\/index.php\/wp-json\/wp\/v2\/pages\/186\/revisions\/542"}],"up":[{"embeddable":true,"href":"https:\/\/freshly-painted.de\/index.php\/wp-json\/wp\/v2\/pages\/330"}],"wp:attachment":[{"href":"https:\/\/freshly-painted.de\/index.php\/wp-json\/wp\/v2\/media?parent=186"}],"curies":[{"name":"wp","href":"https:\/\/api.w.org\/{rel}","templated":true}]}}